{"id":763,"date":"2026-03-30T07:44:53","date_gmt":"2026-03-30T05:44:53","guid":{"rendered":"https:\/\/tematicworldescape.com\/?page_id=763"},"modified":"2026-04-05T17:36:44","modified_gmt":"2026-04-05T15:36:44","slug":"protocolo-omega","status":"publish","type":"page","link":"https:\/\/tematicworldescape.com\/index.php\/protocolo-omega\/","title":{"rendered":"Protocolo Omega"},"content":{"rendered":"\t\t<div data-elementor-type=\"wp-page\" data-elementor-id=\"763\" class=\"elementor elementor-763\">\n\t\t\t\t\t\t\t\t\t<section class=\"elementor-section elementor-top-section elementor-element elementor-element-8f0622b elementor-section-boxed elementor-section-height-default elementor-section-height-default\" data-id=\"8f0622b\" data-element_type=\"section\">\n\t\t\t\t\t\t<div class=\"elementor-container elementor-column-gap-default\">\n\t\t\t\t\t<div class=\"elementor-column elementor-col-100 elementor-top-column elementor-element elementor-element-369be19\" data-id=\"369be19\" data-element_type=\"column\">\n\t\t\t<div class=\"elementor-widget-wrap elementor-element-populated\">\n\t\t\t\t\t\t\t\t<div class=\"elementor-element elementor-element-61fb383 elementor-widget elementor-widget-text-editor\" data-id=\"61fb383\" data-element_type=\"widget\" data-widget_type=\"text-editor.default\">\n\t\t\t\t<div class=\"elementor-widget-container\">\n\t\t\t<style>\/*! elementor - v3.16.0 - 20-09-2023 *\/\n.elementor-widget-text-editor.elementor-drop-cap-view-stacked .elementor-drop-cap{background-color:#69727d;color:#fff}.elementor-widget-text-editor.elementor-drop-cap-view-framed .elementor-drop-cap{color:#69727d;border:3px solid;background-color:transparent}.elementor-widget-text-editor:not(.elementor-drop-cap-view-default) .elementor-drop-cap{margin-top:8px}.elementor-widget-text-editor:not(.elementor-drop-cap-view-default) .elementor-drop-cap-letter{width:1em;height:1em}.elementor-widget-text-editor .elementor-drop-cap{float:left;text-align:center;line-height:1;font-size:50px}.elementor-widget-text-editor .elementor-drop-cap-letter{display:inline-block}<\/style>\t\t\t\t<p style=\"text-align: center;\"><span style=\"background-color: var;\">Una antigua instalaci\u00f3n industrial estaba siendo vaciada para su demolici\u00f3n.<\/span><\/p><p style=\"text-align: center;\">Durante el proceso, uno de los operarios encontr\u00f3 un artefacto olvidado.<\/p><p style=\"text-align: center;\">En su superficie, una etiqueta apenas legible:<\/p><p style=\"text-align: center;\">Proyecto: Protocolo Omega<br \/>Unidad N\u00ba 07-B<br \/>Sistema Energ\u00e9tico Inestable<\/p><p style=\"text-align: center;\">Al intentar moverlo&#8230; Algo se activ\u00f3.<\/p><p style=\"text-align: center;\">Desde ese momento no ha dejado de emitir una se\u00f1al.<br \/>Y una cuenta atr\u00e1s ha comenzado.<\/p><p style=\"text-align: center;\">No hay manual. <br \/>No hay instrucciones claras.<br \/>Solo fragmentos de informaci\u00f3n y un sistema que parece incompleto.<\/p><p style=\"text-align: center;\">Nadie ha conseguido entenderlo por el momento.<\/p><p style=\"text-align: center;\">No sabemos qu\u00e9 ocurrir\u00e1 cuando el tiempo llegue a cero&#8230;<\/p><p style=\"text-align: center;\">Y esperamos no tener que descubrirlo.<\/p><p style=\"text-align: center;\">\u00bfSer\u00e9is capaces de detenerlo?<\/p>\t\t\t\t\t\t<\/div>\n\t\t\t\t<\/div>\n\t\t\t\t\t<\/div>\n\t\t<\/div>\n\t\t\t\t\t\t\t<\/div>\n\t\t<\/section>\n\t\t\t\t<section class=\"elementor-section elementor-top-section elementor-element elementor-element-4e2d4c7 elementor-section-boxed elementor-section-height-default elementor-section-height-default\" data-id=\"4e2d4c7\" data-element_type=\"section\">\n\t\t\t\t\t\t<div class=\"elementor-container elementor-column-gap-default\">\n\t\t\t\t\t<div class=\"elementor-column elementor-col-100 elementor-top-column elementor-element elementor-element-e55bb46\" data-id=\"e55bb46\" data-element_type=\"column\">\n\t\t\t<div class=\"elementor-widget-wrap elementor-element-populated\">\n\t\t\t\t\t\t\t\t<div class=\"elementor-element elementor-element-fddc235 elementor-widget elementor-widget-image\" data-id=\"fddc235\" data-element_type=\"widget\" data-widget_type=\"image.default\">\n\t\t\t\t<div class=\"elementor-widget-container\">\n\t\t\t<style>\/*! elementor - v3.16.0 - 20-09-2023 *\/\n.elementor-widget-image{text-align:center}.elementor-widget-image a{display:inline-block}.elementor-widget-image a img[src$=\".svg\"]{width:48px}.elementor-widget-image img{vertical-align:middle;display:inline-block}<\/style>\t\t\t\t\t\t\t\t\t\t\t\t<img loading=\"lazy\" decoding=\"async\" width=\"480\" height=\"444\" src=\"https:\/\/tematicworldescape.com\/wp-content\/uploads\/2026\/04\/PROTOCOLO-OMEGA-480x444.jpg\" class=\"attachment-sydney-mas-thumb size-sydney-mas-thumb wp-image-845\" alt=\"\" srcset=\"https:\/\/tematicworldescape.com\/wp-content\/uploads\/2026\/04\/PROTOCOLO-OMEGA-480x444.jpg 480w, https:\/\/tematicworldescape.com\/wp-content\/uploads\/2026\/04\/PROTOCOLO-OMEGA-300x278.jpg 300w, https:\/\/tematicworldescape.com\/wp-content\/uploads\/2026\/04\/PROTOCOLO-OMEGA-768x711.jpg 768w, https:\/\/tematicworldescape.com\/wp-content\/uploads\/2026\/04\/PROTOCOLO-OMEGA-1000x926.jpg 1000w, https:\/\/tematicworldescape.com\/wp-content\/uploads\/2026\/04\/PROTOCOLO-OMEGA-230x213.jpg 230w, https:\/\/tematicworldescape.com\/wp-content\/uploads\/2026\/04\/PROTOCOLO-OMEGA-350x324.jpg 350w, https:\/\/tematicworldescape.com\/wp-content\/uploads\/2026\/04\/PROTOCOLO-OMEGA.jpg 1021w\" sizes=\"auto, (max-width: 480px) 100vw, 480px\" \/>\t\t\t\t\t\t\t\t\t\t\t\t\t\t\t<\/div>\n\t\t\t\t<\/div>\n\t\t\t\t\t<\/div>\n\t\t<\/div>\n\t\t\t\t\t\t\t<\/div>\n\t\t<\/section>\n\t\t\t\t<section class=\"elementor-section elementor-top-section elementor-element elementor-element-5bf7f0d elementor-section-boxed elementor-section-height-default elementor-section-height-default\" data-id=\"5bf7f0d\" data-element_type=\"section\">\n\t\t\t\t\t\t<div class=\"elementor-container elementor-column-gap-default\">\n\t\t\t\t\t<div class=\"elementor-column elementor-col-100 elementor-top-column elementor-element elementor-element-2b77066\" data-id=\"2b77066\" data-element_type=\"column\">\n\t\t\t<div class=\"elementor-widget-wrap elementor-element-populated\">\n\t\t\t\t\t\t\t\t<div class=\"elementor-element elementor-element-9860171 elementor-widget elementor-widget-text-editor\" data-id=\"9860171\" data-element_type=\"widget\" data-widget_type=\"text-editor.default\">\n\t\t\t\t<div class=\"elementor-widget-container\">\n\t\t\t\t\t\t\t<p><\/p>\n<p style=\"text-align: center;\">Duraci\u00f3n: 60 Minutos.<br>Jugadores: 4 a 8<br>Precio por persona: 15\u20ac<br>Tipo juego: Hall escape (Escape room mesa)<br>Este escape room puede hacerse en nuestras instalaciones o a domicilio.<br>Para domicilio consultar antes al tel\u00e9fono o Whatsapp.<\/p>\n<p style=\"text-align: center;\">\n<\/p>\t\t\t\t\t\t<\/div>\n\t\t\t\t<\/div>\n\t\t\t\t\t<\/div>\n\t\t<\/div>\n\t\t\t\t\t\t\t<\/div>\n\t\t<\/section>\n\t\t\t\t<section class=\"elementor-section elementor-top-section elementor-element elementor-element-9d3cd14 elementor-section-boxed elementor-section-height-default elementor-section-height-default\" data-id=\"9d3cd14\" data-element_type=\"section\">\n\t\t\t\t\t\t<div class=\"elementor-container elementor-column-gap-default\">\n\t\t\t\t\t<div class=\"elementor-column elementor-col-100 elementor-top-column elementor-element elementor-element-c96dffa\" data-id=\"c96dffa\" data-element_type=\"column\">\n\t\t\t<div class=\"elementor-widget-wrap elementor-element-populated\">\n\t\t\t\t\t\t\t\t<div class=\"elementor-element elementor-element-5833c0c elementor-widget elementor-widget-text-editor\" data-id=\"5833c0c\" data-element_type=\"widget\" data-widget_type=\"text-editor.default\">\n\t\t\t\t<div class=\"elementor-widget-container\">\n\t\t\t\t\t\t\t<div id=\"app\" data-type=\"booking\" data-calendarstyle=\"Dark\" data-textstyle=\"Dark\" data-game=\"101605\" data-calendar=\"101605\" data-lang=\"es\" data-token=\"YSLzqFlgmFbA7cfI\"><\/div>\t\t\t\t\t\t<\/div>\n\t\t\t\t<\/div>\n\t\t\t\t\t<\/div>\n\t\t<\/div>\n\t\t\t\t\t\t\t<\/div>\n\t\t<\/section>\n\t\t\t\t\t\t\t<\/div>\n\t\t","protected":false},"excerpt":{"rendered":"<p>Una antigua instalaci\u00f3n industrial estaba siendo vaciada para su demolici\u00f3n. Durante el proceso, uno de los operarios encontr\u00f3 un artefacto olvidado. En [&hellip;]<\/p>\n","protected":false},"author":1,"featured_media":0,"parent":0,"menu_order":0,"comment_status":"closed","ping_status":"closed","template":"","meta":{"_monsterinsights_skip_tracking":false,"_monsterinsights_sitenote_active":false,"_monsterinsights_sitenote_note":"","_monsterinsights_sitenote_category":0,"_uf_show_specific_survey":0,"_uf_disable_surveys":false,"footnotes":""},"class_list":["post-763","page","type-page","status-publish","hentry"],"aioseo_notices":[],"_links":{"self":[{"href":"https:\/\/tematicworldescape.com\/index.php\/wp-json\/wp\/v2\/pages\/763","targetHints":{"allow":["GET"]}}],"collection":[{"href":"https:\/\/tematicworldescape.com\/index.php\/wp-json\/wp\/v2\/pages"}],"about":[{"href":"https:\/\/tematicworldescape.com\/index.php\/wp-json\/wp\/v2\/types\/page"}],"author":[{"embeddable":true,"href":"https:\/\/tematicworldescape.com\/index.php\/wp-json\/wp\/v2\/users\/1"}],"replies":[{"embeddable":true,"href":"https:\/\/tematicworldescape.com\/index.php\/wp-json\/wp\/v2\/comments?post=763"}],"version-history":[{"count":55,"href":"https:\/\/tematicworldescape.com\/index.php\/wp-json\/wp\/v2\/pages\/763\/revisions"}],"predecessor-version":[{"id":850,"href":"https:\/\/tematicworldescape.com\/index.php\/wp-json\/wp\/v2\/pages\/763\/revisions\/850"}],"wp:attachment":[{"href":"https:\/\/tematicworldescape.com\/index.php\/wp-json\/wp\/v2\/media?parent=763"}],"curies":[{"name":"wp","href":"https:\/\/api.w.org\/{rel}","templated":true}]}}